{"id":2744,"date":"2018-05-08T13:14:47","date_gmt":"2018-05-08T13:14:47","guid":{"rendered":"https:\/\/www.cymper.com\/blog\/?page_id=2744"},"modified":"2018-05-21T13:47:45","modified_gmt":"2018-05-21T13:47:45","slug":"suscripcion-al-boletin-de-noticias","status":"publish","type":"page","link":"https:\/\/www.cymper.com\/blog\/suscripcion-al-boletin-de-noticias\/","title":{"rendered":"Suscripci\u00f3n al Bolet\u00edn de Noticias"},"content":{"rendered":"<p>Rellene el siguiente formulario para suscribirse.<\/p>\n<form action=\"https:\/\/cymper.ip-zone.com\/ccm\/subscribe\/index\/form\/1hxmijsdpv\" enctype=\"application\/x-www-form-urlencoded\" method=\"post\">\n<dl class=\"zend_form\">\n<dt id=\"groups-label\"><\/dt>\n<dd id=\"groups-element\"><input name=\"groups[]\" type=\"hidden\" value=\"15\" \/><\/dd>\n<dt id=\"email-label\"><label class=\"required\" for=\"email\">Email<\/label><\/dt>\n<dd id=\"email-element\"><input id=\"email\" name=\"email\" required=\"\" type=\"text\" value=\"\" \/><\/dd>\n<dt id=\"name-label\"><label class=\"optional\" for=\"name\">Nombre y apellidos<\/label><\/dt>\n<dd id=\"name-element\"><input id=\"name\" name=\"name\" type=\"text\" value=\"\" \/><\/dd>\n<dd id=\"f_1-element\"><input id=\"f_1\" name=\"Consentimiento\" required=\"\" type=\"checkbox\" value=\"1\" \/><label>\u00a0He le\u00eddo y acepto la <a href=\"https:\/\/www.cymper.com\/blog\/politica-de-privacidad\">pol\u00edtica de privacidad.<\/a><\/label><\/dd>\n<\/dl>\n<p>\u00a0 \u00a0<input id=\"submit\" name=\"submit\" type=\"submit\" value=\"Suscribir\" \/><\/p>\n<p>&nbsp;<\/p>\n<p style=\"text-align: justify;\"><strong><span class=\"elementor-alert-title\">Informaci\u00f3n b\u00e1sica sobre protecci\u00f3n de datos<\/span><\/strong><\/p>\n<p style=\"text-align: justify;\">Le informamos que los datos de car\u00e1cter personal que nos proporciones rellenando el presente formulario ser\u00e1n tratados por\u00a0CYMPER (Construcciones y Montajes Pergar, S.L.)\u00a0como responsable de las paginas web:\u00a0<a href=\"https:\/\/www.cymper.com\/\" target=\"_blank\">cymper-blog<\/a>,\u00a0<a href=\"https:\/\/www.cymper.com\/online\/\" target=\"_blank\">cymper-online<\/a>,\u00a0<a href=\"https:\/\/www.juntasyperfiles.com\/\" target=\"_blank\">juntasyperfiles.com<\/a>,\u00a0<a href=\"https:\/\/www.tapasyregistros.com\/\" target=\"_blank\">tapasyregistros.com<\/a>,\u00a0<a href=\"https:\/\/www.ardex-online.com\/\" target=\"_blank\">ardex-online.com<\/a>,\u00a0<a href=\"https:\/\/www.fosroc-online.com\/\" target=\"_blank\">fosroc-online.com<\/a>.<\/p>\n<p style=\"text-align: justify;\">La finalidad de la recogida y tratamiento de los datos personales\u00a0solicitados son\u00a0para gestionar el alta a esta suscripci\u00f3n y enviarle publicaciones, promociones y\/o servicios y recursos de la empresa y sus diferentes\u00a0portales de comercio electr\u00f3nico.<\/p>\n<p style=\"text-align: justify;\">Legitimaci\u00f3n: Al marcar la casilla de aceptaci\u00f3n, est\u00e1 dando su leg\u00edtimo consentimiento para que sus datos sean tratados conforme a las finalidades de este formulario descritas en la<a href=\"https:\/\/www.cymper.com\/blog\/politica-de-privacidad\">\u00a0pol\u00edtica de privacidad.<\/a><\/p>\n<p style=\"text-align: justify;\">Como usuario e interesado le informamos que los datos que facilitados estar\u00e1n ubicados en los servidores de\u00a0<a href=\"https:\/\/mailrelay.com\/es\/\" target=\"_blank\">Mailrelay<\/a> (proveedor de servicios de marketing por correo electr\u00f3nico) a trav\u00e9s de su empresa CPC Servicios Inform\u00e1ticos, S.L. &#8211; C\/ Nardo, 12, 28250 &#8211; Torrelodones &#8211; Madrid &#8211; Espa\u00f1a, ubicada\u00a0en la UE, garantizando unos niveles de seguridad adecuados seg\u00fan la legislaci\u00f3n vigente. Ver\u00a0<a href=\"https:\/\/mailrelay.com\/es\/politica-de-privacidad\" target=\"_blank\">pol\u00edtica de privacidad de Mailrelay<\/a>.<\/p>\n<p style=\"text-align: justify;\">El hecho de no introducir los datos de car\u00e1cter personal que aparecen en el formulario como obligatorios podr\u00e1 tener como consecuencia que no se pueda atender su solicitud.<\/p>\n<p style=\"text-align: justify;\">Podr\u00e1 ejercer sus derechos de acceso, rectificaci\u00f3n, limitaci\u00f3n y suprimir los datos en\u00a0info@cymper.com as\u00ed como el Derecho a presentar una reclamaci\u00f3n ante una autoridad de control.<\/p>\n<p style=\"text-align: justify;\">Puede consultar la informaci\u00f3n adicional y detallada sobre Protecci\u00f3n de Datos en nuestra p\u00e1gina web:\u00a0<a href=\"https:\/\/www.cymper.com\/\">www.cymper.com<\/a>, as\u00ed como consultar nuestra<a href=\"https:\/\/www.cymper.com\/blog\/politica-de-privacidad\">\u00a0pol\u00edtica de privacidad.<\/a><\/p>\n<\/form>\n<div id=\"fb-root\"><\/div><script src=\"https:\/\/connect.facebook.net\/es_ES\/all.js#xfbml=1\"><\/script><fb:like href=\"https:\/\/www.cymper.com\/blog\/suscripcion-al-boletin-de-noticias\/\" send=\"false\" layout=\"standard\" width=\"450\" show_faces=\"false\" font=\"arial\" action=\"like\" colorscheme=\"light\"><\/fb:like>","protected":false},"excerpt":{"rendered":"<p>Rellene el siguiente formulario para suscribirse. Email Nombre y apellidos \u00a0He le\u00eddo y acepto la pol\u00edtica de privacidad. \u00a0 \u00a0 &nbsp; Informaci\u00f3n b\u00e1sica sobre protecci\u00f3n de datos Le informamos que los datos de car\u00e1cter personal que nos proporciones rellenando el presente formulario ser\u00e1n tratados por\u00a0CYMPER (Construcciones y Montajes Pergar, S.L.)\u00a0como<\/p>\n","protected":false},"author":1,"featured_media":0,"parent":0,"menu_order":0,"comment_status":"closed","ping_status":"closed","template":"","meta":[],"aioseo_notices":[],"amp_enabled":true,"_links":{"self":[{"href":"https:\/\/www.cymper.com\/blog\/wp-json\/wp\/v2\/pages\/2744"}],"collection":[{"href":"https:\/\/www.cymper.com\/blog\/wp-json\/wp\/v2\/pages"}],"about":[{"href":"https:\/\/www.cymper.com\/blog\/wp-json\/wp\/v2\/types\/page"}],"author":[{"embeddable":true,"href":"https:\/\/www.cymper.com\/blog\/wp-json\/wp\/v2\/users\/1"}],"replies":[{"embeddable":true,"href":"https:\/\/www.cymper.com\/blog\/wp-json\/wp\/v2\/comments?post=2744"}],"version-history":[{"count":22,"href":"https:\/\/www.cymper.com\/blog\/wp-json\/wp\/v2\/pages\/2744\/revisions"}],"predecessor-version":[{"id":2888,"href":"https:\/\/www.cymper.com\/blog\/wp-json\/wp\/v2\/pages\/2744\/revisions\/2888"}],"wp:attachment":[{"href":"https:\/\/www.cymper.com\/blog\/wp-json\/wp\/v2\/media?parent=2744"}],"curies":[{"name":"wp","href":"https:\/\/api.w.org\/{rel}","templated":true}]}}