{"id":2755,"date":"2018-05-08T13:19:09","date_gmt":"2018-05-08T13:19:09","guid":{"rendered":"https:\/\/www.cymper.com\/blog\/?page_id=2755"},"modified":"2018-05-15T11:34:58","modified_gmt":"2018-05-15T11:34:58","slug":"confirmacion-de-alta-al-boletin-de-noticias","status":"publish","type":"page","link":"https:\/\/www.cymper.com\/blog\/confirmacion-de-alta-al-boletin-de-noticias\/","title":{"rendered":"Confirmaci\u00f3n de alta al bolet\u00edn de noticias"},"content":{"rendered":"<p>Gracias por usar nuestro servicio. Por favor, compruebe su correo electr\u00f3nico para activar su cuenta.<\/p>\n<p>Si no encuentra nuestra comunicaci\u00f3n de confirmaci\u00f3n, por favor b\u00fasquela en la Bandeja de NO DESEADOS o SPAM y agregue a CONTACTOS la direcci\u00f3n de correo del Remitente.<\/p>\n<div id=\"fb-root\"><\/div><script src=\"https:\/\/connect.facebook.net\/es_ES\/all.js#xfbml=1\"><\/script><fb:like href=\"https:\/\/www.cymper.com\/blog\/confirmacion-de-alta-al-boletin-de-noticias\/\" send=\"false\" layout=\"standard\" width=\"450\" show_faces=\"false\" font=\"arial\" action=\"like\" colorscheme=\"light\"><\/fb:like>","protected":false},"excerpt":{"rendered":"<p>Gracias por usar nuestro servicio. Por favor, compruebe su correo electr\u00f3nico para activar su cuenta. Si no encuentra nuestra comunicaci\u00f3n de confirmaci\u00f3n, por favor b\u00fasquela en la Bandeja de NO DESEADOS o SPAM y agregue a CONTACTOS la direcci\u00f3n de correo del Remitente.<\/p>\n","protected":false},"author":1,"featured_media":0,"parent":0,"menu_order":0,"comment_status":"closed","ping_status":"closed","template":"","meta":[],"aioseo_notices":[],"amp_enabled":true,"_links":{"self":[{"href":"https:\/\/www.cymper.com\/blog\/wp-json\/wp\/v2\/pages\/2755"}],"collection":[{"href":"https:\/\/www.cymper.com\/blog\/wp-json\/wp\/v2\/pages"}],"about":[{"href":"https:\/\/www.cymper.com\/blog\/wp-json\/wp\/v2\/types\/page"}],"author":[{"embeddable":true,"href":"https:\/\/www.cymper.com\/blog\/wp-json\/wp\/v2\/users\/1"}],"replies":[{"embeddable":true,"href":"https:\/\/www.cymper.com\/blog\/wp-json\/wp\/v2\/comments?post=2755"}],"version-history":[{"count":3,"href":"https:\/\/www.cymper.com\/blog\/wp-json\/wp\/v2\/pages\/2755\/revisions"}],"predecessor-version":[{"id":2758,"href":"https:\/\/www.cymper.com\/blog\/wp-json\/wp\/v2\/pages\/2755\/revisions\/2758"}],"wp:attachment":[{"href":"https:\/\/www.cymper.com\/blog\/wp-json\/wp\/v2\/media?parent=2755"}],"curies":[{"name":"wp","href":"https:\/\/api.w.org\/{rel}","templated":true}]}}