{"id":85,"date":"2015-07-21T10:02:59","date_gmt":"2015-07-21T10:02:59","guid":{"rendered":"http:\/\/www.cymper.com\/blog2\/?page_id=85"},"modified":"2018-05-09T09:54:46","modified_gmt":"2018-05-09T09:54:46","slug":"contacto","status":"publish","type":"page","link":"https:\/\/www.cymper.com\/blog\/contacto\/","title":{"rendered":"Contacto"},"content":{"rendered":"<div role=\"form\" class=\"wpcf7\" id=\"wpcf7-f68-o1\" lang=\"en-US\" dir=\"ltr\">\n<div class=\"screen-reader-response\"><p role=\"status\" aria-live=\"polite\" aria-atomic=\"true\"><\/p> <ul><\/ul><\/div>\n<form action=\"\/blog\/wp-json\/wp\/v2\/pages\/85#wpcf7-f68-o1\" method=\"post\" class=\"wpcf7-form init wpcf7-acceptance-as-validation\" novalidate=\"novalidate\" data-status=\"init\">\n<div style=\"display: none;\">\n<input type=\"hidden\" name=\"_wpcf7\" value=\"68\" \/>\n<input type=\"hidden\" name=\"_wpcf7_version\" value=\"5.5.4\" \/>\n<input type=\"hidden\" name=\"_wpcf7_locale\" value=\"en_US\" \/>\n<input type=\"hidden\" name=\"_wpcf7_unit_tag\" value=\"wpcf7-f68-o1\" \/>\n<input type=\"hidden\" name=\"_wpcf7_container_post\" value=\"0\" \/>\n<input type=\"hidden\" name=\"_wpcf7_posted_data_hash\" value=\"\" \/>\n<input type=\"hidden\" name=\"_wpcf7_recaptcha_response\" value=\"\" \/>\n<\/div>\n<p>Nombre completo<br \/>\n    <span class=\"wpcf7-form-control-wrap your-name\"><input type=\"text\" name=\"your-name\" value=\"\" size=\"40\" class=\"wpcf7-form-control wpcf7-text wpcf7-validates-as-required\" aria-required=\"true\" aria-invalid=\"false\" \/><\/span> <\/p>\n<p>Empresa<br \/>\n    <span class=\"wpcf7-form-control-wrap empresa\"><input type=\"text\" name=\"empresa\" value=\"\" size=\"40\" class=\"wpcf7-form-control wpcf7-text wpcf7-validates-as-required\" aria-required=\"true\" aria-invalid=\"false\" \/><\/span> <\/p>\n<p>Email<br \/>\n    <span class=\"wpcf7-form-control-wrap email-888\"><input type=\"email\" name=\"email-888\" value=\"\" size=\"40\" class=\"wpcf7-form-control wpcf7-text wpcf7-email wpcf7-validates-as-required wpcf7-validates-as-email\" aria-required=\"true\" aria-invalid=\"false\" \/><\/span> <\/p>\n<p>Tel\u00e9fono de contacto<br \/>\n    <span class=\"wpcf7-form-control-wrap tel-823\"><input type=\"tel\" name=\"tel-823\" value=\"\" size=\"40\" class=\"wpcf7-form-control wpcf7-text wpcf7-tel wpcf7-validates-as-required wpcf7-validates-as-tel\" aria-required=\"true\" aria-invalid=\"false\" \/><\/span> <\/p>\n<p>P\u00e1gina de referencia de contacto o consulta<br \/>\n    <span class=\"wpcf7-form-control-wrap menu-paginas\"><select name=\"menu-paginas\" class=\"wpcf7-form-control wpcf7-select wpcf7-validates-as-required\" aria-required=\"true\" aria-invalid=\"false\"><option value=\"--\">--<\/option><option value=\"Cymper (Blog)\">Cymper (Blog)<\/option><option value=\"Cymper (Tienda online)\">Cymper (Tienda online)<\/option><option value=\"juntasyperfiles.com\">juntasyperfiles.com<\/option><option value=\"tapasyregistros.com\">tapasyregistros.com<\/option><option value=\"ardex-online.com\">ardex-online.com<\/option><option value=\"fosroc-online.com\">fosroc-online.com<\/option><\/select><\/span> <\/p>\n<p>Asunto<br \/>\n    <span class=\"wpcf7-form-control-wrap your-subject\"><input type=\"text\" name=\"your-subject\" value=\"\" size=\"40\" class=\"wpcf7-form-control wpcf7-text\" aria-invalid=\"false\" \/><\/span> <\/p>\n<p>Mensaje<br \/>\n    <span class=\"wpcf7-form-control-wrap your-message\"><textarea name=\"your-message\" cols=\"40\" rows=\"10\" class=\"wpcf7-form-control wpcf7-textarea\" aria-invalid=\"false\"><\/textarea><\/span> <\/p>\n<p>&nbsp;<\/p>\n<p style=\"text-align: justify;\"><strong><span class=\"elementor-alert-title\">Informaci\u00f3n b\u00e1sica sobre protecci\u00f3n de datos<\/span><\/strong><\/p>\n<p style=\"text-align: justify;\">Le informamos que los datos de car\u00e1cter personal que nos proporciones rellenando el presente formulario ser\u00e1n tratados por\u00a0CYMPER (Construcciones y Montajes Pergar, S.L.)\u00a0como responsable de las paginas web: <a href=\"https:\/\/www.cymper.com\" target=\"_blank\">cymper-blog<\/a>,\u00a0<a href=\"https:\/\/www.cymper.com\/online\/\" target=\"_blank\">cymper-online<\/a>, <a href=\"https:\/\/www.juntasyperfiles.com\" target=\"_blank\">juntasyperfiles.com<\/a>, <a href=\"https:\/\/www.tapasyregistros.com\" target=\"_blank\">tapasyregistros.com<\/a>, <a href=\"https:\/\/www.ardex-online.com\" target=\"_blank\">ardex-online.com<\/a>, <a href=\"https:\/\/www.fosroc-online.com\" target=\"_blank\">fosroc-online.com<\/a>.<\/p>\n<p style=\"text-align: justify;\">La finalidad de la recogida y tratamiento de los datos personales\u00a0solicitados son\u00a0para gestionar su solicitud o consulta, adem\u00e1s de enviarle informaci\u00f3n comercial, publicaciones, promociones y\/o servicios y recursos de la empresa y sus diferentes\u00a0portales de comercio electr\u00f3nico.<\/p>\n<p style=\"text-align: justify;\">Legitimaci\u00f3n: Al marcar la casilla de aceptaci\u00f3n, est\u00e1 dando su leg\u00edtimo consentimiento para que sus datos sean tratados conforme a las finalidades de este formulario descritas en la<a href=\"https:\/\/www.cymper.com\/blog\/politica-de-privacidad\/\">\u00a0pol\u00edtica de privacidad.<\/a><\/p>\n<p style=\"text-align: justify;\">Como usuario e interesado le informamos que los datos que nos facilitas estar\u00e1n ubicados en los servidores de\u00a0<a href=\"https:\/\/www.ovh.es\/\" target=\"_blank\">OVH<\/a> (proveedor de servicios de hosting) a trav\u00e9s de su empresa OVH Hispano, S.L., con domicilio en C\/ Alcal\u00e1 21, 5.\u00aa planta, 28014 Madrid, Espa\u00f1a, ubicada\u00a0en la UE, garantizando unos niveles de seguridad adecuados seg\u00fan la legislaci\u00f3n vigente.<\/a><\/p>\n<p style=\"text-align: justify;\">El hecho de no introducir los datos de car\u00e1cter personal que aparecen en el formulario como obligatorios podr\u00e1 tener como consecuencia que no se pueda atender su solicitud.<\/p>\n<p style=\"text-align: justify;\">Podr\u00e1s ejercer tus derechos de acceso, rectificaci\u00f3n, limitaci\u00f3n y suprimir los datos en\u00a0info@cymper.com as\u00ed como el derecho a presentar una reclamaci\u00f3n ante una autoridad de control.<\/p>\n<p style=\"text-align: justify;\">Puedes consultar la informaci\u00f3n adicional y detallada sobre Protecci\u00f3n de Datos en nuestra p\u00e1gina web:\u00a0www.cymper.com, as\u00ed como consultar nuestra<a href=\"https:\/\/www.cymper.com\/blog\/politica-de-privacidad\/\">\u00a0pol\u00edtica de privacidad.<\/a><\/p>\n<p><span class=\"wpcf7-form-control-wrap acceptance-839\"><span class=\"wpcf7-form-control wpcf7-acceptance\"><span class=\"wpcf7-list-item\"><input type=\"checkbox\" name=\"acceptance-839\" value=\"1\" aria-invalid=\"false\" \/><\/span><\/span><\/span><strong>&nbsp;He leido y acepto las condiciones y la <a href=\"https:\/\/www.cymper.com\/blog\/politica-de-privacidad\/\">pol\u00edtica de privacidad..<\/strong><\/p>\n<p><div id=\"cf7sr-69e19b93a25c5\" class=\"cf7sr-g-recaptcha\" data-sitekey=\"6Lf2nsUUAAAAAGFvfUe5jRe_YQY0lftXJIJ_SsYE\"><\/div><span class=\"wpcf7-form-control-wrap cf7sr-recaptcha\"><input type=\"hidden\" name=\"cf7sr-recaptcha\" value=\"\" class=\"wpcf7-form-control\"><\/span><\/p>\n<p><input type=\"submit\" value=\"Enviar\" class=\"wpcf7-form-control has-spinner wpcf7-submit\" \/><\/p>\n<p style=\"display: none !important;\" class=\"akismet-fields-container\" data-prefix=\"_wpcf7_ak_\"><label>&#916;<textarea name=\"_wpcf7_ak_hp_textarea\" cols=\"45\" rows=\"8\" maxlength=\"100\"><\/textarea><\/label><input type=\"hidden\" id=\"ak_js_1\" name=\"_wpcf7_ak_js\" value=\"15\"\/><script>document.getElementById( \"ak_js_1\" ).setAttribute( \"value\", ( new Date() ).getTime() );<\/script><\/p><div class=\"wpcf7-response-output\" aria-hidden=\"true\"><\/div><\/form><\/div>\n<div id=\"fb-root\"><\/div><script src=\"https:\/\/connect.facebook.net\/es_ES\/all.js#xfbml=1\"><\/script><fb:like href=\"https:\/\/www.cymper.com\/blog\/contacto\/\" send=\"false\" layout=\"standard\" width=\"450\" show_faces=\"false\" font=\"arial\" action=\"like\" colorscheme=\"light\"><\/fb:like>","protected":false},"excerpt":{"rendered":"","protected":false},"author":1,"featured_media":0,"parent":0,"menu_order":0,"comment_status":"open","ping_status":"open","template":"page-templates\/page-full-width.php","meta":[],"aioseo_notices":[],"amp_enabled":false,"_links":{"self":[{"href":"https:\/\/www.cymper.com\/blog\/wp-json\/wp\/v2\/pages\/85"}],"collection":[{"href":"https:\/\/www.cymper.com\/blog\/wp-json\/wp\/v2\/pages"}],"about":[{"href":"https:\/\/www.cymper.com\/blog\/wp-json\/wp\/v2\/types\/page"}],"author":[{"embeddable":true,"href":"https:\/\/www.cymper.com\/blog\/wp-json\/wp\/v2\/users\/1"}],"replies":[{"embeddable":true,"href":"https:\/\/www.cymper.com\/blog\/wp-json\/wp\/v2\/comments?post=85"}],"version-history":[{"count":1,"href":"https:\/\/www.cymper.com\/blog\/wp-json\/wp\/v2\/pages\/85\/revisions"}],"predecessor-version":[{"id":86,"href":"https:\/\/www.cymper.com\/blog\/wp-json\/wp\/v2\/pages\/85\/revisions\/86"}],"wp:attachment":[{"href":"https:\/\/www.cymper.com\/blog\/wp-json\/wp\/v2\/media?parent=85"}],"curies":[{"name":"wp","href":"https:\/\/api.w.org\/{rel}","templated":true}]}}